{"id":1420,"date":"2023-05-22T12:55:29","date_gmt":"2023-05-22T12:55:29","guid":{"rendered":"https:\/\/roalvire.cz\/?page_id=1420"},"modified":"2024-06-17T12:01:47","modified_gmt":"2024-06-17T12:01:47","slug":"dalsi-znacky","status":"publish","type":"page","link":"https:\/\/roalvire.cz\/en\/dalsi-znacky\/","title":{"rendered":"Dal\u0161\u00ed zna\u010dky"},"content":{"rendered":"<div data-elementor-type=\"wp-page\" data-elementor-id=\"1420\" class=\"elementor elementor-1420\">\n\t\t\t\t\t\t\t\t\t<section class=\"elementor-section elementor-top-section elementor-element elementor-element-c2d43f6 elementor-section-boxed elementor-section-height-default elementor-section-height-default\" data-id=\"c2d43f6\" data-element_type=\"section\">\n\t\t\t\t\t\t<div class=\"elementor-container elementor-column-gap-default\">\n\t\t\t\t\t<div class=\"elementor-column elementor-col-100 elementor-top-column elementor-element elementor-element-24f2409\" data-id=\"24f2409\" data-element_type=\"column\">\n\t\t\t<div class=\"elementor-widget-wrap elementor-element-populated\">\n\t\t\t\t\t\t\t\t<div class=\"elementor-element elementor-element-9dd1cbd elementor-widget elementor-widget-karde_ourservice\" data-id=\"9dd1cbd\" data-element_type=\"widget\" data-widget_type=\"karde_ourservice.default\">\n\t\t\t\t<div class=\"elementor-widget-container\">\n\t\t\t\n\t\t<section class=\"our_service_area luxuary_s_car\">\n\t<div class=\"left_tiar wow animated fadeInLeft\"\n\t\tdata-wow-delay=\"0s\">\n\t\t<img decoding=\"async\" src=\"\" alt=\"Alt\">\n\t<\/div>\n\t<div class=\"container\">\n\t\t<div class=\"single_br_title\">\n\t\t\t<h2 data-text=\"\t\t\tzna\u010dky\t\t\t\" class=\"wow animated fadeInLeft\"\n\t\t\t\tdata-wow-delay=\"0\">Dal\u0161\u00ed<\/h2>\n\t\t<\/div>\n\t\t<div class=\"or_service_inner\">\n\t\t\t<div class=\"row\">\n\t\t\t\t<div class=\"col-lg-2\">\n\t\t\t\t\t<div class=\"service_button\">\n\t\t\t\t\t\t<ul class=\"nav nav-tabs\" id=\"myTab\" role=\"tablist\">\n\t\t\t\t\t\t\t\t\t\t\t\t\t\t<li class=\"nav-item\">\n\t\t\t\t\t\t\t\t<a class=\"nav-link \t\t\t\t\t\t\t\t\tactive\" id=\"911-tab\" data-toggle=\"tab\" href=\"#911\" role=\"tab\"\n\t\t\t\t\t\t\t\t\taria-controls=\"911\" aria-selected=\"true\">\n\t\t\t\t\t\t\t\t\t911<\/a><\/li>\n\t\t\t\t\t\t\t\t\t\t\t\t\t\t<li class=\"nav-item\">\n\t\t\t\t\t\t\t\t<a class=\"nav-link\" id=\"macan-tab\" data-toggle=\"tab\" href=\"#macan\" role=\"tab\"\n\t\t\t\t\t\t\t\t\taria-controls=\"macan\" aria-selected=\"false\">\n\t\t\t\t\t\t\t\t\tMacan<\/a><\/li>\n\t\t\t\t\t\t\t\t\t\t\t\t\t<\/ul>\n\t\t\t\t\t<\/div>\n\t\t\t\t<\/div>\n\t\t\t\t<div class=\"col-lg-10\">\n\t\t\t\t\t<div class=\"service_body\">\n\t\t\t\t\t\t<div class=\"tab-content\" id=\"myTabContent\">\n\t\t\t\t\t\t\t\t\t\t\t\t\t\t\t\t<div class=\"tab-pane fade \t\t\t\t\t\t\t\t\t\tactive show\" id=\"911\" role=\"tabpanel\" aria-labelledby=\"911-tab\">\n\t\t\t\t\t\t\t\t<div class=\"service_ex\">\n\t\t\t\t\t\t\t\t\t<div class=\"service_img\"><img decoding=\"async\" src=\"https:\/\/roalvire.cz\/wp-content\/uploads\/2024\/06\/PHOTO-2024-06-17-13-52-56.jpg\" title=\"PHOTO-2024-06-17-13-52-56\" alt=\"Porsche 911 GT3 touring\" loading=\"lazy\" \/><\/div>\n\t\t\t\t\t\t\t\t\t<div class=\"service_text\">\n\t\t\t\t\t\t\t\t\t\t<h4>911<\/h4>\n\t\t\t\t\t\t\t\t\t\t<p>Porsche 911 modelov\u00e9ho typu Carrera, Turbo, Targa, nebo GT3 pat\u0159\u00ed k na\u0161emu pr\u00e9miov\u00e9mu dovozu. Pokud chcete eleganci, rychlost, luxus nebo p\u0159\u00edjemn\u00fd po\u017eitek z j\u00edzdy, tak je to v\u016fz pr\u00e1v\u011b pro V\u00e1s.<\/p>\n\t\t\t\t\t\t\t\t\t\t<a href=\"#\" class=\"main_btn red\" target=\"_blank\" rel=\"nofollow\"><i\n\t\t\t\t\t\t\t\t\t\t\t\tclass=\"lnr lnr-arrow-right\"><\/i><\/a>\n\t\t\t\t\t\t\t\t\t<\/div>\n\t\t\t\t\t\t\t\t<\/div>\n\t\t\t\t\t\t\t<\/div>\n\t\t\t\t\t\t\t\t\t\t\t\t\t\t<div class=\"tab-pane fade\" id=\"macan\" role=\"tabpanel\" aria-labelledby=\"macan-tab\">\n\t\t\t\t\t\t\t\t<div class=\"service_ex\">\n\t\t\t\t\t\t\t\t\t<div class=\"service_img\"><img decoding=\"async\" src=\"https:\/\/roalvire.cz\/wp-content\/uploads\/2024\/06\/PHOTO-2024-06-17-14-00-28.jpg\" title=\"PHOTO-2024-06-17-14-00-28\" alt=\"Porsche Macan T\" loading=\"lazy\" \/><\/div>\n\t\t\t\t\t\t\t\t\t<div class=\"service_text\">\n\t\t\t\t\t\t\t\t\t\t<h4>Macan<\/h4>\n\t\t\t\t\t\t\t\t\t\t<p>Macan je model, kter\u00fd se hod\u00ed do rodiny, m\u011bsta nebo i pro rychlou j\u00edzdu. Dod\u00e1v\u00e1me model Macan v edici Macan standard, Macan T, Macan S nebo i Macan GTS.<\/p>\n\t\t\t\t\t\t\t\t\t\t<a href=\"#\" class=\"main_btn red\" target=\"_blank\" rel=\"nofollow\"><i\n\t\t\t\t\t\t\t\t\t\t\t\tclass=\"lnr lnr-arrow-right\"><\/i><\/a>\n\t\t\t\t\t\t\t\t\t<\/div>\n\t\t\t\t\t\t\t\t<\/div>\n\t\t\t\t\t\t\t<\/div>\n\t\t\t\t\t\t\t\t\t\t\t\t\t<\/div>\n\t\t\t\t\t<\/div>\n\t\t\t\t<\/div>\n\t\t\t<\/div>\n\t\t\t\t\t\t\t\t<div class=\"view_all wow animated fadeInRight animated\" data-wow-delay=\"0.3s\">\n\t\t\t\t<a class=\"border_btn\" href=\"\"><\/a>\n\t\t\t<\/div>\n\t\t\t\t\t<\/div>\n\t<\/div>\n<\/section>\n\t\t\t\t\t\t<\/div>\n\t\t\t\t<\/div>\n\t\t\t\t\t<\/div>\n\t\t<\/div>\n\t\t\t\t\t\t\t<\/div>\n\t\t<\/section>\n\t\t\t\t\t\t\t<\/div>","protected":false},"excerpt":{"rendered":"<p>Dal\u0161\u00ed 911 Macan 911 Porsche 911 modelov\u00e9ho typu Carrera, Turbo, Targa, nebo GT3 pat\u0159\u00ed k na\u0161emu pr\u00e9miov\u00e9mu<\/p>","protected":false},"author":1,"featured_media":1256,"parent":0,"menu_order":0,"comment_status":"closed","ping_status":"closed","template":"","meta":{"footnotes":""},"_links":{"self":[{"href":"https:\/\/roalvire.cz\/en\/wp-json\/wp\/v2\/pages\/1420"}],"collection":[{"href":"https:\/\/roalvire.cz\/en\/wp-json\/wp\/v2\/pages"}],"about":[{"href":"https:\/\/roalvire.cz\/en\/wp-json\/wp\/v2\/types\/page"}],"author":[{"embeddable":true,"href":"https:\/\/roalvire.cz\/en\/wp-json\/wp\/v2\/users\/1"}],"replies":[{"embeddable":true,"href":"https:\/\/roalvire.cz\/en\/wp-json\/wp\/v2\/comments?post=1420"}],"version-history":[{"count":20,"href":"https:\/\/roalvire.cz\/en\/wp-json\/wp\/v2\/pages\/1420\/revisions"}],"predecessor-version":[{"id":1483,"href":"https:\/\/roalvire.cz\/en\/wp-json\/wp\/v2\/pages\/1420\/revisions\/1483"}],"wp:featuredmedia":[{"embeddable":true,"href":"https:\/\/roalvire.cz\/en\/wp-json\/wp\/v2\/media\/1256"}],"wp:attachment":[{"href":"https:\/\/roalvire.cz\/en\/wp-json\/wp\/v2\/media?parent=1420"}],"curies":[{"name":"wp","href":"https:\/\/api.w.org\/{rel}","templated":true}]}}