{"id":1387,"date":"2023-05-22T12:43:47","date_gmt":"2023-05-22T12:43:47","guid":{"rendered":"https:\/\/roalvire.cz\/?page_id=1387"},"modified":"2024-06-18T12:15:11","modified_gmt":"2024-06-18T12:15:11","slug":"bmw","status":"publish","type":"page","link":"https:\/\/roalvire.cz\/en\/bmw\/","title":{"rendered":"BMW"},"content":{"rendered":"<div data-elementor-type=\"wp-page\" data-elementor-id=\"1387\" class=\"elementor elementor-1387\">\n\t\t\t\t\t\t\t\t\t<section class=\"elementor-section elementor-top-section elementor-element elementor-element-59cb169 elementor-section-boxed elementor-section-height-default elementor-section-height-default\" data-id=\"59cb169\" data-element_type=\"section\">\n\t\t\t\t\t\t<div class=\"elementor-container elementor-column-gap-default\">\n\t\t\t\t\t<div class=\"elementor-column elementor-col-100 elementor-top-column elementor-element elementor-element-c7565c3\" data-id=\"c7565c3\" data-element_type=\"column\">\n\t\t\t<div class=\"elementor-widget-wrap elementor-element-populated\">\n\t\t\t\t\t\t\t\t<div class=\"elementor-element elementor-element-b626d3d elementor-widget elementor-widget-karde_ourservice\" data-id=\"b626d3d\" data-element_type=\"widget\" data-widget_type=\"karde_ourservice.default\">\n\t\t\t\t<div class=\"elementor-widget-container\">\n\t\t\t\n\t\t<section class=\"our_service_area luxuary_s_car\">\n\t<div class=\"left_tiar wow animated fadeInLeft\"\n\t\tdata-wow-delay=\"0s\">\n\t\t<img decoding=\"async\" src=\"https:\/\/roalvire.cz\/wp-content\/plugins\/elementor\/assets\/images\/placeholder.png\" alt=\"Alt\">\n\t<\/div>\n\t<div class=\"container\">\n\t\t<div class=\"single_br_title\">\n\t\t\t<h2 data-text=\"\t\t\tBMW\t\t\t\" class=\"wow animated fadeInLeft\"\n\t\t\t\tdata-wow-delay=\"0\">BMW<\/h2>\n\t\t<\/div>\n\t\t<div class=\"or_service_inner\">\n\t\t\t<div class=\"row\">\n\t\t\t\t<div class=\"col-lg-2\">\n\t\t\t\t\t<div class=\"service_button\">\n\t\t\t\t\t\t<ul class=\"nav nav-tabs\" id=\"myTab\" role=\"tablist\">\n\t\t\t\t\t\t\t\t\t\t\t\t\t\t<li class=\"nav-item\">\n\t\t\t\t\t\t\t\t<a class=\"nav-link \t\t\t\t\t\t\t\t\tactive\" id=\"__ada_1-tab\" data-toggle=\"tab\" href=\"#__ada_1\" role=\"tab\"\n\t\t\t\t\t\t\t\t\taria-controls=\"__ada_1\" aria-selected=\"true\">\n\t\t\t\t\t\t\t\t\t\u0158ada 1<\/a><\/li>\n\t\t\t\t\t\t\t\t\t\t\t\t\t\t<li class=\"nav-item\">\n\t\t\t\t\t\t\t\t<a class=\"nav-link\" id=\"__ada_2-tab\" data-toggle=\"tab\" href=\"#__ada_2\" role=\"tab\"\n\t\t\t\t\t\t\t\t\taria-controls=\"__ada_2\" aria-selected=\"false\">\n\t\t\t\t\t\t\t\t\t\u0158ada 2<\/a><\/li>\n\t\t\t\t\t\t\t\t\t\t\t\t\t\t<li class=\"nav-item\">\n\t\t\t\t\t\t\t\t<a class=\"nav-link\" id=\"x1-tab\" data-toggle=\"tab\" href=\"#x1\" role=\"tab\"\n\t\t\t\t\t\t\t\t\taria-controls=\"x1\" aria-selected=\"false\">\n\t\t\t\t\t\t\t\t\tX1<\/a><\/li>\n\t\t\t\t\t\t\t\t\t\t\t\t\t\t<li class=\"nav-item\">\n\t\t\t\t\t\t\t\t<a class=\"nav-link\" id=\"x3-tab\" data-toggle=\"tab\" href=\"#x3\" role=\"tab\"\n\t\t\t\t\t\t\t\t\taria-controls=\"x3\" aria-selected=\"false\">\n\t\t\t\t\t\t\t\t\tX3<\/a><\/li>\n\t\t\t\t\t\t\t\t\t\t\t\t\t\t<li class=\"nav-item\">\n\t\t\t\t\t\t\t\t<a class=\"nav-link\" id=\"__ada_3-tab\" data-toggle=\"tab\" href=\"#__ada_3\" role=\"tab\"\n\t\t\t\t\t\t\t\t\taria-controls=\"__ada_3\" aria-selected=\"false\">\n\t\t\t\t\t\t\t\t\t\u0158ada 3<\/a><\/li>\n\t\t\t\t\t\t\t\t\t\t\t\t\t<\/ul>\n\t\t\t\t\t<\/div>\n\t\t\t\t<\/div>\n\t\t\t\t<div class=\"col-lg-10\">\n\t\t\t\t\t<div class=\"service_body\">\n\t\t\t\t\t\t<div class=\"tab-content\" id=\"myTabContent\">\n\t\t\t\t\t\t\t\t\t\t\t\t\t\t\t\t<div class=\"tab-pane fade \t\t\t\t\t\t\t\t\t\tactive show\" id=\"__ada_1\" role=\"tabpanel\" aria-labelledby=\"__ada_1-tab\">\n\t\t\t\t\t\t\t\t<div class=\"service_ex\">\n\t\t\t\t\t\t\t\t\t<div class=\"service_img\"><img decoding=\"async\" src=\"https:\/\/roalvire.cz\/wp-content\/uploads\/2024\/06\/2024-bmw-1-series-550867.jpg\" title=\"Generated by pixel @ 2024-06-04T22:32:26.442444\" alt=\"Generated by pixel @ 2024-06-04T22:32:26.442444\" loading=\"lazy\" \/><\/div>\n\t\t\t\t\t\t\t\t\t<div class=\"service_text\">\n\t\t\t\t\t\t\t\t\t\t<h4>\u0158ada 1<\/h4>\n\t\t\t\t\t\t\t\t\t\t<p>BMW \u0159ady 1 pat\u0159\u00ed k nejobl\u00edben\u011bj\u0161\u00edm hatchback\u016fm v\u016fbec. Kompaktn\u00ed v\u016fz se hod\u00ed hlavn\u011b do m\u011bsta, kde zaujme klasick\u00fdm BMW vzhledem.<\/p>\n\t\t\t\t\t\t\t\t\t\t<a href=\"#\" class=\"main_btn red\" target=\"_blank\" rel=\"nofollow\"><i\n\t\t\t\t\t\t\t\t\t\t\t\tclass=\"lnr lnr-arrow-right\"><\/i><\/a>\n\t\t\t\t\t\t\t\t\t<\/div>\n\t\t\t\t\t\t\t\t<\/div>\n\t\t\t\t\t\t\t<\/div>\n\t\t\t\t\t\t\t\t\t\t\t\t\t\t<div class=\"tab-pane fade\" id=\"__ada_2\" role=\"tabpanel\" aria-labelledby=\"__ada_2-tab\">\n\t\t\t\t\t\t\t\t<div class=\"service_ex\">\n\t\t\t\t\t\t\t\t\t<div class=\"service_img\"><img decoding=\"async\" src=\"https:\/\/roalvire.cz\/wp-content\/uploads\/2024\/06\/bmw-2-series-gran-coupe-sp-desktop.jpg\" title=\"bmw-2-series-gran-coupe-sp-desktop\" alt=\"bmw-2-series-gran-coupe-sp-desktop\" loading=\"lazy\" \/><\/div>\n\t\t\t\t\t\t\t\t\t<div class=\"service_text\">\n\t\t\t\t\t\t\t\t\t\t<h4>\u0158ada 2<\/h4>\n\t\t\t\t\t\t\t\t\t\t<p>BMW \u0159ady 2, je prodlou\u017een\u00e1 verze \u0159ady 1, kde se ale p\u0159\u00edd\u00e1vaj\u00ed i vozy Gran Coup\u00e9, Active Tourer, nebo cop\u00e9 i ve verzi M.<\/p>\n\t\t\t\t\t\t\t\t\t\t<a href=\"#\" class=\"main_btn red\" target=\"_blank\" rel=\"nofollow\"><i\n\t\t\t\t\t\t\t\t\t\t\t\tclass=\"lnr lnr-arrow-right\"><\/i><\/a>\n\t\t\t\t\t\t\t\t\t<\/div>\n\t\t\t\t\t\t\t\t<\/div>\n\t\t\t\t\t\t\t<\/div>\n\t\t\t\t\t\t\t\t\t\t\t\t\t\t<div class=\"tab-pane fade\" id=\"x1\" role=\"tabpanel\" aria-labelledby=\"x1-tab\">\n\t\t\t\t\t\t\t\t<div class=\"service_ex\">\n\t\t\t\t\t\t\t\t\t<div class=\"service_img\"><img decoding=\"async\" src=\"https:\/\/roalvire.cz\/wp-content\/uploads\/2024\/06\/bmw-x1-mp-gallery-impressions-01_890.jpg\" title=\"bmw-x1-mp-gallery-impressions-01_890\" alt=\"bmw-x1-mp-gallery-impressions-01_890\" loading=\"lazy\" \/><\/div>\n\t\t\t\t\t\t\t\t\t<div class=\"service_text\">\n\t\t\t\t\t\t\t\t\t\t<h4>X1<\/h4>\n\t\t\t\t\t\t\t\t\t\t<p>BMW X1 pat\u0159\u00ed mezi na\u0161e nejhledan\u011bj\u0161\u00ed kompaktn\u00ed SUV v\u016fbec. Hranat\u00fd vzhled BMW, prostor a pohodl\u00ed jsou p\u0159edpoklady ka\u017ed\u00e9ho klienta.<\/p>\n\t\t\t\t\t\t\t\t\t\t<a href=\"#\" class=\"main_btn red\" target=\"_blank\" rel=\"nofollow\"><i\n\t\t\t\t\t\t\t\t\t\t\t\tclass=\"lnr lnr-arrow-right\"><\/i><\/a>\n\t\t\t\t\t\t\t\t\t<\/div>\n\t\t\t\t\t\t\t\t<\/div>\n\t\t\t\t\t\t\t<\/div>\n\t\t\t\t\t\t\t\t\t\t\t\t\t\t<div class=\"tab-pane fade\" id=\"x3\" role=\"tabpanel\" aria-labelledby=\"x3-tab\">\n\t\t\t\t\t\t\t\t<div class=\"service_ex\">\n\t\t\t\t\t\t\t\t\t<div class=\"service_img\"><img decoding=\"async\" src=\"https:\/\/roalvire.cz\/wp-content\/uploads\/2024\/06\/2023-bmw-x3-m-competition-109-6491b6e75c497.jpg\" title=\"2023-bmw-x3-m-competition-109-6491b6e75c497\" alt=\"2023-bmw-x3-m-competition-109-6491b6e75c497\" loading=\"lazy\" \/><\/div>\n\t\t\t\t\t\t\t\t\t<div class=\"service_text\">\n\t\t\t\t\t\t\t\t\t\t<h4>X3<\/h4>\n\t\t\t\t\t\t\t\t\t\t<p>BMW X3 je v\u00fdborn\u00e1 volba, kdy\u017e chcete z\u00e1rove\u0148 SUV, ale p\u0159itom chcete st\u0159edn\u011b velk\u00fd v\u016fz do m\u011bsta. V na\u0161\u00ed nab\u00eddce, tento v\u016fz v\u017edy najdete.<\/p>\n\t\t\t\t\t\t\t\t\t\t<a href=\"#\" class=\"main_btn red\" target=\"_blank\" rel=\"nofollow\"><i\n\t\t\t\t\t\t\t\t\t\t\t\tclass=\"lnr lnr-arrow-right\"><\/i><\/a>\n\t\t\t\t\t\t\t\t\t<\/div>\n\t\t\t\t\t\t\t\t<\/div>\n\t\t\t\t\t\t\t<\/div>\n\t\t\t\t\t\t\t\t\t\t\t\t\t\t<div class=\"tab-pane fade\" id=\"__ada_3\" role=\"tabpanel\" aria-labelledby=\"__ada_3-tab\">\n\t\t\t\t\t\t\t\t<div class=\"service_ex\">\n\t\t\t\t\t\t\t\t\t<div class=\"service_img\"><img decoding=\"async\" src=\"https:\/\/roalvire.cz\/wp-content\/uploads\/2024\/06\/5e904878-157d-430b-939c-c9052d767f77_P90484994_highRes_bmw-330e-xdrive-tour.jpg\" title=\"5e904878-157d-430b-939c-c9052d767f77_P90484994_highRes_bmw-330e-xdrive-tour\" alt=\"5e904878-157d-430b-939c-c9052d767f77_P90484994_highRes_bmw-330e-xdrive-tour\" loading=\"lazy\" \/><\/div>\n\t\t\t\t\t\t\t\t\t<div class=\"service_text\">\n\t\t\t\t\t\t\t\t\t\t<h4>\u0158ada 3<\/h4>\n\t\t\t\t\t\t\t\t\t\t<p>BMW \u0159ady 3 je spolu s \u0159adou 5 tou nej\u010dast\u011bj\u0161\u00ed, kterou na \u010desk\u00fdch silnic\u00edch potk\u00e1te. Ve verzi tourer \u010di sedan, nezklame na dlouh\u00e9 cesty, d\u00edky sv\u00e9mu pohodl\u00ed a prostoru. Pro n\u00e1ro\u010dn\u011bj\u0161\u00ed je zde i verze M.<\/p>\n\t\t\t\t\t\t\t\t\t\t<a href=\"#\" class=\"main_btn red\" target=\"_blank\" rel=\"nofollow\"><i\n\t\t\t\t\t\t\t\t\t\t\t\tclass=\"lnr lnr-arrow-right\"><\/i><\/a>\n\t\t\t\t\t\t\t\t\t<\/div>\n\t\t\t\t\t\t\t\t<\/div>\n\t\t\t\t\t\t\t<\/div>\n\t\t\t\t\t\t\t\t\t\t\t\t\t<\/div>\n\t\t\t\t\t<\/div>\n\t\t\t\t<\/div>\n\t\t\t<\/div>\n\t\t\t\t\t\t\t\t<div class=\"view_all wow animated fadeInRight animated\" data-wow-delay=\"0.3s\">\n\t\t\t\t<a class=\"border_btn\" href=\"\"><\/a>\n\t\t\t<\/div>\n\t\t\t\t\t<\/div>\n\t<\/div>\n<\/section>\n\t\t\t\t\t\t<\/div>\n\t\t\t\t<\/div>\n\t\t\t\t\t<\/div>\n\t\t<\/div>\n\t\t\t\t\t\t\t<\/div>\n\t\t<\/section>\n\t\t\t\t\t\t\t<\/div>","protected":false},"excerpt":{"rendered":"<p>BMW \u0158ada 1 \u0158ada 2 X1 X3 \u0158ada 3 \u0158ada 1 BMW \u0159ady 1 pat\u0159\u00ed k nejobl\u00edben\u011bj\u0161\u00edm<\/p>","protected":false},"author":1,"featured_media":1256,"parent":0,"menu_order":0,"comment_status":"closed","ping_status":"closed","template":"","meta":{"footnotes":""},"_links":{"self":[{"href":"https:\/\/roalvire.cz\/en\/wp-json\/wp\/v2\/pages\/1387"}],"collection":[{"href":"https:\/\/roalvire.cz\/en\/wp-json\/wp\/v2\/pages"}],"about":[{"href":"https:\/\/roalvire.cz\/en\/wp-json\/wp\/v2\/types\/page"}],"author":[{"embeddable":true,"href":"https:\/\/roalvire.cz\/en\/wp-json\/wp\/v2\/users\/1"}],"replies":[{"embeddable":true,"href":"https:\/\/roalvire.cz\/en\/wp-json\/wp\/v2\/comments?post=1387"}],"version-history":[{"count":54,"href":"https:\/\/roalvire.cz\/en\/wp-json\/wp\/v2\/pages\/1387\/revisions"}],"predecessor-version":[{"id":1556,"href":"https:\/\/roalvire.cz\/en\/wp-json\/wp\/v2\/pages\/1387\/revisions\/1556"}],"wp:featuredmedia":[{"embeddable":true,"href":"https:\/\/roalvire.cz\/en\/wp-json\/wp\/v2\/media\/1256"}],"wp:attachment":[{"href":"https:\/\/roalvire.cz\/en\/wp-json\/wp\/v2\/media?parent=1387"}],"curies":[{"name":"wp","href":"https:\/\/api.w.org\/{rel}","templated":true}]}}